{"id":2,"date":"2025-07-13T18:38:43","date_gmt":"2025-07-13T18:38:43","guid":{"rendered":"https:\/\/www.inkypeople.at\/wordpress\/?page_id=2"},"modified":"2025-07-21T06:50:15","modified_gmt":"2025-07-21T06:50:15","slug":"sample-page","status":"publish","type":"page","link":"https:\/\/www.inkypeople.at\/wordpress\/?page_id=2","title":{"rendered":"Welcomepage von Gerhard Veitsberger"},"content":{"rendered":"\n<p><\/p>\n\n\n\n<p><\/p>\n\n\n\n<hr class=\"wp-block-separator has-alpha-channel-opacity\"\/>\n\n\n<div class=\"wp-block-site-logo\"><a href=\"https:\/\/www.inkypeople.at\/wordpress\/\" class=\"custom-logo-link\" rel=\"home\"><img loading=\"lazy\" decoding=\"async\" width=\"129\" height=\"92\" src=\"https:\/\/www.inkypeople.at\/wordpress\/wp-content\/uploads\/2025\/07\/istockphoto-1409329028-612x612-1.jpg\" class=\"custom-logo\" alt=\"Inkypeoples-Shop\" srcset=\"https:\/\/www.inkypeople.at\/wordpress\/wp-content\/uploads\/2025\/07\/istockphoto-1409329028-612x612-1.jpg 612w, https:\/\/www.inkypeople.at\/wordpress\/wp-content\/uploads\/2025\/07\/istockphoto-1409329028-612x612-1-300x214.jpg 300w\" sizes=\"auto, (max-width: 129px) 100vw, 129px\" \/><\/a><\/div>\n\n<div class=\"aligncenter wp-block-avatar\"><img alt='Avatar von admin' src='https:\/\/secure.gravatar.com\/avatar\/f52f3cf4b93ddd9163c4d32c6f431d129d7cf39ebc20e7391d79a3225574936a?s=176&#038;d=mm&#038;r=g' srcset='https:\/\/secure.gravatar.com\/avatar\/f52f3cf4b93ddd9163c4d32c6f431d129d7cf39ebc20e7391d79a3225574936a?s=352&#038;d=mm&#038;r=g 2x' class='avatar avatar-176 photo wp-block-avatar__image' height='176' width='176' \/><\/div>\n\n\n<p class=\"has-text-align-left has-border-color has-accent-2-border-color has-accent-3-color has-text-color has-link-color has-large-font-size wp-elements-8056b9855c5fb891182c3093e3fef8d6\" style=\"border-width:19px\"><em>Visualisierung:<br>Malen und Zeichnen begleiten mich von der Kindheit an, die<br>F\u00e4higkeit aus Nichts &#8211; Etwas zu machen, bestimmt meinen Erfolg.<br>Da\u00df daraus eine ernstzunehmende Arbeit geworden ist, freut mich sehr.<br>\u00dcber die Matura in F\u00fcrstenfeld und einem kurzen \u201eArchitekturstudium\u201c<br>kam ich in das College f\u00fcr Grafik &#8211; Design in Graz.<br>Mein Weg war immer der des Grafik &#8211; Designs.<br>Was mich antreibt, ist der Sinn nach dem Sch\u00f6nen, und \u00c4sthetischen.<br>Vom Stil und von der Ausbildung her bin ich autodidaktisch unterwegs. . .<br>Das Ziel ist es:<br>Mit Bildern &amp; Illustrationen Menschen zu verbinden, und Freunde<br>zu gewinnen. Durch das Ansehen der Bilder sollen sich anregende<br>Gespr\u00e4chs- Themen unter den Betrachtern entfalten k\u00f6nnen.<br>Besucher sollen zum Nachdenken angeregt werden.<br>Mein Interesse gilt unter anderem der Unterst\u00fctzung<br>von :<\/em><\/p>\n\n\n\n<p class=\"has-text-align-left has-border-color has-accent-2-border-color has-accent-3-color has-text-color has-link-color has-large-font-size wp-elements-46945558c4c3fbb87c629fe9298c43fd\" style=\"border-width:19px\"><em><br>Art Protects Rainforest \/ GALERISSIMO<br>(Kunst sch\u00fctzt den Regenwald)<br>Minensuche durch Ratten (apopo.org)<br>Kuratorium Lebendige Vorwelt<br>Ver\u00f6ffentlichung von Kunst &#8211; Postkarten<br>und Herstellung von Gem\u00e4lden und<br>Info &#8211; Grafiken, echten \u201eKlassikern\u201c<\/em><\/p>\n\n\n\n<blockquote class=\"wp-block-quote is-layout-flow wp-block-quote-is-layout-flow\">\n<p><\/p>\n\n\n\n<h2 class=\"wp-block-heading has-accent-4-color has-text-color has-link-color wp-elements-0eb311dcd538a4db5507f96b2ce511d4\">Malball von Gerhard Veitsberger<\/h2>\n\n\n\n<p>Hi there! I&#8217;m a bike messenger by day, aspiring actor by night, and this is my website. I live in Los Angeles, have a great dog named Jack, and I like pi\u00f1a coladas. (And gettin&#8216; caught in the rain.)<\/p>\n\n\n\n<p><\/p>\n<\/blockquote>\n\n\n\n<p>&#8230;or something like this:<\/p>\n\n\n\n<blockquote class=\"wp-block-quote is-layout-flow wp-block-quote-is-layout-flow\">\n<p>The XYZ Doohickey Company was founded in 1971, and has been providing quality doohickeys to the public ever since. Located in Gotham City, XYZ employs over 2,000 people and does all kinds of awesome things for the Gotham community.<\/p>\n\n\n\n<figure class=\"wp-block-table\"><table class=\"has-accent-4-background-color has-text-color has-background has-link-color has-fixed-layout\" style=\"color:#d51a05\"><tbody><tr><td><\/td><td><\/td><td><\/td><td><\/td><\/tr><tr><td><\/td><td><\/td><td><\/td><td><\/td><\/tr><tr><td><\/td><td><\/td><td><\/td><td><\/td><\/tr><tr><td><\/td><td><\/td><td><\/td><td><\/td><\/tr><tr><td><\/td><td><\/td><td><\/td><td><\/td><\/tr><\/tbody><\/table><\/figure>\n<\/blockquote>\n\n\n\n<p>As a new WordPress user, you should go to <a href=\"https:\/\/www.inkypeople.at\/wordpress\/wp-admin\/\">your dashboard<\/a> to delete this page and create new pages for your content. Have fun!<\/p>\n\n\n\n<hr class=\"wp-block-separator has-alpha-channel-opacity\"\/>\n\n\n\n<p><\/p>\n","protected":false},"excerpt":{"rendered":"<p>Visualisierung:Malen und Zeichnen begleiten mich von der Kindheit an, dieF\u00e4higkeit aus Nichts &#8211; Etwas zu machen, bestimmt meinen Erfolg.Da\u00df daraus eine ernstzunehmende Arbeit geworden ist, freut mich sehr.\u00dcber die Matura in F\u00fcrstenfeld und einem kurzen \u201eArchitekturstudium\u201ckam ich in das College f\u00fcr Grafik &#8211; Design in Graz.Mein Weg war immer der des Grafik &#8211; Designs.Was mich [&hellip;]<\/p>\n","protected":false},"author":1,"featured_media":0,"parent":0,"menu_order":0,"comment_status":"closed","ping_status":"open","template":"","meta":{"footnotes":""},"class_list":["post-2","page","type-page","status-publish","hentry"],"_links":{"self":[{"href":"https:\/\/www.inkypeople.at\/wordpress\/index.php?rest_route=\/wp\/v2\/pages\/2","targetHints":{"allow":["GET"]}}],"collection":[{"href":"https:\/\/www.inkypeople.at\/wordpress\/index.php?rest_route=\/wp\/v2\/pages"}],"about":[{"href":"https:\/\/www.inkypeople.at\/wordpress\/index.php?rest_route=\/wp\/v2\/types\/page"}],"author":[{"embeddable":true,"href":"https:\/\/www.inkypeople.at\/wordpress\/index.php?rest_route=\/wp\/v2\/users\/1"}],"replies":[{"embeddable":true,"href":"https:\/\/www.inkypeople.at\/wordpress\/index.php?rest_route=%2Fwp%2Fv2%2Fcomments&post=2"}],"version-history":[{"count":7,"href":"https:\/\/www.inkypeople.at\/wordpress\/index.php?rest_route=\/wp\/v2\/pages\/2\/revisions"}],"predecessor-version":[{"id":130,"href":"https:\/\/www.inkypeople.at\/wordpress\/index.php?rest_route=\/wp\/v2\/pages\/2\/revisions\/130"}],"wp:attachment":[{"href":"https:\/\/www.inkypeople.at\/wordpress\/index.php?rest_route=%2Fwp%2Fv2%2Fmedia&parent=2"}],"curies":[{"name":"wp","href":"https:\/\/api.w.org\/{rel}","templated":true}]}}